{"id":253,"date":"2013-12-10T21:52:12","date_gmt":"2013-12-10T21:52:12","guid":{"rendered":"https:\/\/natscammacca.natscammacca.org\/tp\/?page_id=253"},"modified":"2013-12-11T01:57:33","modified_gmt":"2013-12-11T01:57:33","slug":"pietro-billeci","status":"publish","type":"page","link":"https:\/\/natscammacca.natscammacca.org\/tp\/poesia\/pietro-billeci\/","title":{"rendered":"Pietro Billeci"},"content":{"rendered":"<p><span style=\"color: #ff0000;\">I <i>missili \u00a0<\/i><\/span><span style=\"color: #ff0000;\"><b><i>Cruise non\u00a0<\/i><\/b><\/span><span style=\"color: #ff0000;\"><b><i>sono fiori<\/i><\/b><\/span><\/p>\n<p>Uomini della Vetta,<\/p>\n<p>tutto il mondo attende<\/p>\n<p>la vostra sentenza:<\/p>\n<p>La Sicilia diverr\u00e0 selva<br \/>\nintricata e inospitale<br \/>\ninfestata dei velenosi funghi?<br \/>\no rester\u00e0 la terra del sole<br \/>\ncuore pulsante di antica<br \/>\ne nuova civilt\u00e0?&#8230;<\/p>\n<p>A voi la parola.<\/p>\n<p>Sappiamo che<\/p>\n<p>mano di mercante<\/p>\n<p>a Comiso<\/p>\n<p>vuole spargere <i>i\u00a0<\/i>cruise<br \/>\ntra le serre;<\/p>\n<p>ma non sono fiori:<\/p>\n<p><i>sono <\/i>semi di <i>morte. <\/i><\/p>\n<p>I Siciliani<\/p>\n<p>la fermeranno?<\/p>\n<p>I Vespri sono<\/p>\n<p>un mito?<\/p>\n<p><b>PIETRO BILLECI<\/b><\/p>\n","protected":false},"excerpt":{"rendered":"<p>I missili \u00a0Cruise non\u00a0sono fiori Uomini della Vetta, tutto il mondo attende la vostra sentenza: La Sicilia diverr\u00e0 selva intricata e inospitale infestata dei velenosi funghi? o rester\u00e0 la terra del sole cuore pulsante di antica e nuova civilt\u00e0?&#8230; A voi la parola. Sappiamo che mano di mercante a Comiso<span class=\"more-link\"><a href=\"https:\/\/natscammacca.natscammacca.org\/tp\/poesia\/pietro-billeci\/\">Leggi di pi\u00f9\/ Read more<\/a><\/span><\/p>\n","protected":false},"author":1,"featured_media":0,"parent":250,"menu_order":0,"comment_status":"open","ping_status":"open","template":"","meta":[],"_links":{"self":[{"href":"https:\/\/natscammacca.natscammacca.org\/tp\/wp-json\/wp\/v2\/pages\/253"}],"collection":[{"href":"https:\/\/natscammacca.natscammacca.org\/tp\/wp-json\/wp\/v2\/pages"}],"about":[{"href":"https:\/\/natscammacca.natscammacca.org\/tp\/wp-json\/wp\/v2\/types\/page"}],"author":[{"embeddable":true,"href":"https:\/\/natscammacca.natscammacca.org\/tp\/wp-json\/wp\/v2\/users\/1"}],"replies":[{"embeddable":true,"href":"https:\/\/natscammacca.natscammacca.org\/tp\/wp-json\/wp\/v2\/comments?post=253"}],"version-history":[{"count":0,"href":"https:\/\/natscammacca.natscammacca.org\/tp\/wp-json\/wp\/v2\/pages\/253\/revisions"}],"up":[{"embeddable":true,"href":"https:\/\/natscammacca.natscammacca.org\/tp\/wp-json\/wp\/v2\/pages\/250"}],"wp:attachment":[{"href":"https:\/\/natscammacca.natscammacca.org\/tp\/wp-json\/wp\/v2\/media?parent=253"}],"curies":[{"name":"wp","href":"https:\/\/api.w.org\/{rel}","templated":true}]}}